{"id":3055,"date":"2026-01-09T17:00:37","date_gmt":"2026-01-09T15:00:37","guid":{"rendered":"https:\/\/agromyne.com\/?page_id=3055"},"modified":"2026-02-27T17:24:40","modified_gmt":"2026-02-27T15:24:40","slug":"freight-tracking","status":"publish","type":"page","link":"https:\/\/agromyne.com\/en\/suivi-de-transport-de-marchandise\/","title":{"rendered":"Freight tracking"},"content":{"rendered":"<div data-elementor-type=\"wp-page\" data-elementor-id=\"3055\" class=\"elementor elementor-3055\" data-elementor-post-type=\"page\">\n\t\t\t\t<div class=\"elementor-element elementor-element-b9da1c1 e-flex e-con-boxed wpr-particle-no wpr-jarallax-no wpr-parallax-no wpr-sticky-section-no e-con e-parent\" data-id=\"b9da1c1\" data-element_type=\"container\" data-e-type=\"container\" data-settings=\"{&quot;background_background&quot;:&quot;video&quot;,&quot;background_video_link&quot;:&quot;https:\\\/\\\/agromyne.com\\\/wp-content\\\/uploads\\\/2026\\\/01\\\/0_World_Global_4096x2304-1.mp4&quot;,&quot;background_play_on_mobile&quot;:&quot;yes&quot;}\">\n\t\t\t\t\t<div class=\"e-con-inner\">\n\t\t<div class=\"elementor-background-video-container\">\n\t\t\t\t\t\t\t<video class=\"elementor-background-video-hosted\" role=\"presentation\" autoplay muted playsinline loop><\/video>\n\t\t\t\t\t<\/div><div class=\"elementor-element elementor-element-fce8941 e-con-full e-flex wpr-particle-no wpr-jarallax-no wpr-parallax-no wpr-sticky-section-no e-con e-child\" data-id=\"fce8941\" data-element_type=\"container\" data-e-type=\"container\">\n\t\t\t\t<div class=\"elementor-element elementor-element-3c039c4 elementor-widget__width-initial elementor-invisible elementor-widget elementor-widget-heading\" data-id=\"3c039c4\" data-element_type=\"widget\" data-e-type=\"widget\" data-settings=\"{&quot;_animation&quot;:&quot;slideInDown&quot;,&quot;_animation_tablet&quot;:&quot;slideInDown&quot;,&quot;_animation_mobile&quot;:&quot;slideInDown&quot;}\" data-widget_type=\"heading.default\">\n\t\t\t\t<div class=\"elementor-widget-container\">\n\t\t\t\t\t<h1 class=\"elementor-heading-title elementor-size-default\">Freight tracking<\/h1>\t\t\t\t<\/div>\n\t\t\t\t<\/div>\n\t\t\t\t<div class=\"elementor-element elementor-element-88a44ce elementor-widget__width-initial elementor-widget elementor-widget-text-editor\" data-id=\"88a44ce\" data-element_type=\"widget\" data-e-type=\"widget\" data-widget_type=\"text-editor.default\">\n\t\t\t\t<div class=\"elementor-widget-container\">\n\t\t\t\t\t\t\t\t\tAccess the status of your <strong>sea or air freight<\/strong>. Real-time tracking, delivery notifications and up-to-date information on your goods in transit.\t\t\t\t\t\t\t\t<\/div>\n\t\t\t\t<\/div>\n\t\t\t\t<\/div>\n\t\t\t\t\t<\/div>\n\t\t\t\t<\/div>\n\t\t<div class=\"elementor-element elementor-element-da3a640 e-flex e-con-boxed wpr-particle-no wpr-jarallax-no wpr-parallax-no wpr-sticky-section-no e-con e-parent\" data-id=\"da3a640\" data-element_type=\"container\" data-e-type=\"container\">\n\t\t\t\t\t<div class=\"e-con-inner\">\n\t\t\t\t<div class=\"elementor-element elementor-element-ef62fbb elementor-widget elementor-widget-menu-anchor\" data-id=\"ef62fbb\" data-element_type=\"widget\" data-e-type=\"widget\" data-widget_type=\"menu-anchor.default\">\n\t\t\t\t<div class=\"elementor-widget-container\">\n\t\t\t\t\t\t\t<div class=\"elementor-menu-anchor\" id=\"suivi-transport\"><\/div>\n\t\t\t\t\t\t<\/div>\n\t\t\t\t<\/div>\n\t\t\t\t\t<\/div>\n\t\t\t\t<\/div>\n\t\t<div class=\"elementor-element elementor-element-3b8b36e e-flex e-con-boxed wpr-particle-no wpr-jarallax-no wpr-parallax-no wpr-sticky-section-no e-con e-parent\" data-id=\"3b8b36e\" data-element_type=\"container\" data-e-type=\"container\">\n\t\t\t\t\t<div class=\"e-con-inner\">\n\t\t<div class=\"elementor-element elementor-element-e8be074 e-con-full e-flex wpr-particle-no wpr-jarallax-no wpr-parallax-no wpr-sticky-section-no e-con e-child\" data-id=\"e8be074\" data-element_type=\"container\" data-e-type=\"container\">\n\t\t\t\t<div class=\"elementor-element elementor-element-bafa81a elementor-widget elementor-widget-shortcode\" data-id=\"bafa81a\" data-element_type=\"widget\" data-e-type=\"widget\" data-widget_type=\"shortcode.default\">\n\t\t\t\t<div class=\"elementor-widget-container\">\n\t\t\t\t\t\t\t<div class=\"elementor-shortcode\"><div style=\"max-width:720px;\"><h2>Monitor transport status<\/h2><form method=\"post\" style=\"margin:12px 0 18px;\" action=\"\"><label for=\"agm_track\" style=\"display:block;margin-bottom:6px;\">Tracking number<\/label><div style=\"display:flex; gap:10px; align-items:center; flex-wrap:wrap;\"><input id=\"agm_track\" name=\"agm_track\" type=\"text\" value=\"\" placeholder=\"Ex: AGM-FRT-1234-ABCDEF\" style=\"flex:1;min-width:260px;padding:10px;border:1px solid #ddd;border-radius:6px;\"><button type=\"submit\" style=\"padding:10px 16px;border-radius:8px;border:0;background:#26074d;color:#fff;font-weight:600;cursor:pointer;\">Follow<\/button><\/div><input type=\"hidden\" name=\"trp-form-language\" value=\"en\"\/><\/form><\/div><\/div>\n\t\t\t\t\t\t<\/div>\n\t\t\t\t<\/div>\n\t\t\t\t<\/div>\n\t\t\t\t\t<\/div>\n\t\t\t\t<\/div>\n\t\t\t\t<\/div>","protected":false},"excerpt":{"rendered":"<p>Freight tracking Access the status of your sea or air freight shipment. Real-time tracking, delivery notifications and up-to-date information on your goods in transit.<\/p>","protected":false},"author":1,"featured_media":0,"parent":0,"menu_order":0,"comment_status":"closed","ping_status":"closed","template":"","meta":{"_kad_post_transparent":"","_kad_post_title":"hide","_kad_post_layout":"fullwidth","_kad_post_sidebar_id":"","_kad_post_content_style":"unboxed","_kad_post_vertical_padding":"hide","_kad_post_feature":"hide","_kad_post_feature_position":"","_kad_post_header":false,"_kad_post_footer":false,"_kad_post_classname":"","footnotes":""},"class_list":["post-3055","page","type-page","status-publish","hentry"],"yoast_head":"<!-- This site is optimized with the Yoast SEO plugin v27.3 - https:\/\/yoast.com\/product\/yoast-seo-wordpress\/ -->\n<title>Suivi de transport de marchandise | AgroMyne<\/title>\n<meta name=\"robots\" content=\"index, follow, max-snippet:-1, max-image-preview:large, max-video-preview:-1\" \/>\n<link rel=\"canonical\" href=\"https:\/\/agromyne.com\/en\/freight-tracking\/\" \/>\n<meta property=\"og:locale\" content=\"en_US\" \/>\n<meta property=\"og:type\" content=\"article\" \/>\n<meta property=\"og:title\" content=\"Suivi de transport de marchandise | AgroMyne\" \/>\n<meta property=\"og:description\" content=\"Suivi de transport de marchandises Acc\u00e9dez \u00e0 l\u2019\u00e9tat d\u2019avancement de votre exp\u00e9dition par fret maritime ou a\u00e9rien. Suivi en temps r\u00e9el, notifications de livraison et informations actualis\u00e9es sur votre marchandise en transit.\" \/>\n<meta property=\"og:url\" content=\"https:\/\/agromyne.com\/en\/freight-tracking\/\" \/>\n<meta property=\"og:site_name\" content=\"AgroMyne\" \/>\n<meta property=\"article:modified_time\" content=\"2026-02-27T15:24:40+00:00\" \/>\n<meta property=\"og:image\" content=\"https:\/\/agromyne.com\/wp-content\/uploads\/2025\/11\/Logos.png\" \/>\n\t<meta property=\"og:image:width\" content=\"500\" \/>\n\t<meta property=\"og:image:height\" content=\"500\" \/>\n\t<meta property=\"og:image:type\" content=\"image\/png\" \/>\n<meta name=\"twitter:card\" content=\"summary_large_image\" \/>\n<meta name=\"twitter:label1\" content=\"Est. reading time\" \/>\n\t<meta name=\"twitter:data1\" content=\"1 minute\" \/>\n<script type=\"application\/ld+json\" class=\"yoast-schema-graph\">{\"@context\":\"https:\\\/\\\/schema.org\",\"@graph\":[{\"@type\":\"WebPage\",\"@id\":\"https:\\\/\\\/agromyne.com\\\/suivi-de-transport-de-marchandise\\\/\",\"url\":\"https:\\\/\\\/agromyne.com\\\/suivi-de-transport-de-marchandise\\\/\",\"name\":\"Suivi de transport de marchandise | AgroMyne\",\"isPartOf\":{\"@id\":\"https:\\\/\\\/agromyne.com\\\/#website\"},\"datePublished\":\"2026-01-09T15:00:37+00:00\",\"dateModified\":\"2026-02-27T15:24:40+00:00\",\"breadcrumb\":{\"@id\":\"https:\\\/\\\/agromyne.com\\\/suivi-de-transport-de-marchandise\\\/#breadcrumb\"},\"inLanguage\":\"en-US\",\"potentialAction\":[{\"@type\":\"ReadAction\",\"target\":[\"https:\\\/\\\/agromyne.com\\\/suivi-de-transport-de-marchandise\\\/\"]}]},{\"@type\":\"BreadcrumbList\",\"@id\":\"https:\\\/\\\/agromyne.com\\\/suivi-de-transport-de-marchandise\\\/#breadcrumb\",\"itemListElement\":[{\"@type\":\"ListItem\",\"position\":1,\"name\":\"Accueil\",\"item\":\"https:\\\/\\\/agromyne.com\\\/\"},{\"@type\":\"ListItem\",\"position\":2,\"name\":\"Suivi de transport de marchandise\"}]},{\"@type\":\"WebSite\",\"@id\":\"https:\\\/\\\/agromyne.com\\\/#website\",\"url\":\"https:\\\/\\\/agromyne.com\\\/\",\"name\":\"AgroMyne\",\"description\":\"\",\"publisher\":{\"@id\":\"https:\\\/\\\/agromyne.com\\\/#organization\"},\"potentialAction\":[{\"@type\":\"SearchAction\",\"target\":{\"@type\":\"EntryPoint\",\"urlTemplate\":\"https:\\\/\\\/agromyne.com\\\/?s={search_term_string}\"},\"query-input\":{\"@type\":\"PropertyValueSpecification\",\"valueRequired\":true,\"valueName\":\"search_term_string\"}}],\"inLanguage\":\"en-US\"},{\"@type\":\"Organization\",\"@id\":\"https:\\\/\\\/agromyne.com\\\/#organization\",\"name\":\"AgroMyne\",\"url\":\"https:\\\/\\\/agromyne.com\\\/\",\"logo\":{\"@type\":\"ImageObject\",\"inLanguage\":\"en-US\",\"@id\":\"https:\\\/\\\/agromyne.com\\\/#\\\/schema\\\/logo\\\/image\\\/\",\"url\":\"https:\\\/\\\/agromyne.com\\\/wp-content\\\/uploads\\\/2025\\\/05\\\/cropped-logo-sans-fond-agromyne.png\",\"contentUrl\":\"https:\\\/\\\/agromyne.com\\\/wp-content\\\/uploads\\\/2025\\\/05\\\/cropped-logo-sans-fond-agromyne.png\",\"width\":599,\"height\":240,\"caption\":\"AgroMyne\"},\"image\":{\"@id\":\"https:\\\/\\\/agromyne.com\\\/#\\\/schema\\\/logo\\\/image\\\/\"}}]}<\/script>\n<!-- \/ Yoast SEO plugin. -->","yoast_head_json":{"title":"Freight tracking | AgroMyne","robots":{"index":"index","follow":"follow","max-snippet":"max-snippet:-1","max-image-preview":"max-image-preview:large","max-video-preview":"max-video-preview:-1"},"canonical":"https:\/\/agromyne.com\/en\/freight-tracking\/","og_locale":"en_US","og_type":"article","og_title":"Suivi de transport de marchandise | AgroMyne","og_description":"Suivi de transport de marchandises Acc\u00e9dez \u00e0 l\u2019\u00e9tat d\u2019avancement de votre exp\u00e9dition par fret maritime ou a\u00e9rien. Suivi en temps r\u00e9el, notifications de livraison et informations actualis\u00e9es sur votre marchandise en transit.","og_url":"https:\/\/agromyne.com\/en\/freight-tracking\/","og_site_name":"AgroMyne","article_modified_time":"2026-02-27T15:24:40+00:00","og_image":[{"width":500,"height":500,"url":"https:\/\/agromyne.com\/wp-content\/uploads\/2025\/11\/Logos.png","type":"image\/png"}],"twitter_card":"summary_large_image","twitter_misc":{"Est. reading time":"1 minute"},"schema":{"@context":"https:\/\/schema.org","@graph":[{"@type":"WebPage","@id":"https:\/\/agromyne.com\/suivi-de-transport-de-marchandise\/","url":"https:\/\/agromyne.com\/suivi-de-transport-de-marchandise\/","name":"Freight tracking | AgroMyne","isPartOf":{"@id":"https:\/\/agromyne.com\/#website"},"datePublished":"2026-01-09T15:00:37+00:00","dateModified":"2026-02-27T15:24:40+00:00","breadcrumb":{"@id":"https:\/\/agromyne.com\/suivi-de-transport-de-marchandise\/#breadcrumb"},"inLanguage":"en-US","potentialAction":[{"@type":"ReadAction","target":["https:\/\/agromyne.com\/suivi-de-transport-de-marchandise\/"]}]},{"@type":"BreadcrumbList","@id":"https:\/\/agromyne.com\/suivi-de-transport-de-marchandise\/#breadcrumb","itemListElement":[{"@type":"ListItem","position":1,"name":"Accueil","item":"https:\/\/agromyne.com\/"},{"@type":"ListItem","position":2,"name":"Suivi de transport de marchandise"}]},{"@type":"WebSite","@id":"https:\/\/agromyne.com\/#website","url":"https:\/\/agromyne.com\/","name":"AgroMyne","description":"","publisher":{"@id":"https:\/\/agromyne.com\/#organization"},"potentialAction":[{"@type":"SearchAction","target":{"@type":"EntryPoint","urlTemplate":"https:\/\/agromyne.com\/?s={search_term_string}"},"query-input":{"@type":"PropertyValueSpecification","valueRequired":true,"valueName":"search_term_string"}}],"inLanguage":"en-US"},{"@type":"Organization","@id":"https:\/\/agromyne.com\/#organization","name":"AgroMyne","url":"https:\/\/agromyne.com\/","logo":{"@type":"ImageObject","inLanguage":"en-US","@id":"https:\/\/agromyne.com\/#\/schema\/logo\/image\/","url":"https:\/\/agromyne.com\/wp-content\/uploads\/2025\/05\/cropped-logo-sans-fond-agromyne.png","contentUrl":"https:\/\/agromyne.com\/wp-content\/uploads\/2025\/05\/cropped-logo-sans-fond-agromyne.png","width":599,"height":240,"caption":"AgroMyne"},"image":{"@id":"https:\/\/agromyne.com\/#\/schema\/logo\/image\/"}}]}},"_links":{"self":[{"href":"https:\/\/agromyne.com\/en\/wp-json\/wp\/v2\/pages\/3055","targetHints":{"allow":["GET"]}}],"collection":[{"href":"https:\/\/agromyne.com\/en\/wp-json\/wp\/v2\/pages"}],"about":[{"href":"https:\/\/agromyne.com\/en\/wp-json\/wp\/v2\/types\/page"}],"author":[{"embeddable":true,"href":"https:\/\/agromyne.com\/en\/wp-json\/wp\/v2\/users\/1"}],"replies":[{"embeddable":true,"href":"https:\/\/agromyne.com\/en\/wp-json\/wp\/v2\/comments?post=3055"}],"version-history":[{"count":38,"href":"https:\/\/agromyne.com\/en\/wp-json\/wp\/v2\/pages\/3055\/revisions"}],"predecessor-version":[{"id":3349,"href":"https:\/\/agromyne.com\/en\/wp-json\/wp\/v2\/pages\/3055\/revisions\/3349"}],"wp:attachment":[{"href":"https:\/\/agromyne.com\/en\/wp-json\/wp\/v2\/media?parent=3055"}],"curies":[{"name":"wp","href":"https:\/\/api.w.org\/{rel}","templated":true}]}}